{"id":541,"date":"2026-02-27T14:42:14","date_gmt":"2026-02-27T14:42:14","guid":{"rendered":"https:\/\/www.kraft-punkt.ch\/?page_id=541"},"modified":"2026-02-28T10:46:11","modified_gmt":"2026-02-28T10:46:11","slug":"angebot","status":"publish","type":"page","link":"https:\/\/www.kraft-punkt.ch\/?page_id=541","title":{"rendered":"Angebot"},"content":{"rendered":"\n<figure class=\"wp-block-gallery has-nested-images columns-default is-cropped wp-block-gallery-1 is-layout-flex wp-block-gallery-is-layout-flex\">\n<figure class=\"wp-block-image size-large\"><img fetchpriority=\"high\" decoding=\"async\" width=\"768\" height=\"1024\" data-id=\"597\" src=\"https:\/\/www.kraft-punkt.ch\/wp-content\/uploads\/2026\/02\/IMG_2305-768x1024.jpg\" alt=\"\" class=\"wp-image-597\" srcset=\"https:\/\/www.kraft-punkt.ch\/wp-content\/uploads\/2026\/02\/IMG_2305-768x1024.jpg 768w, https:\/\/www.kraft-punkt.ch\/wp-content\/uploads\/2026\/02\/IMG_2305-225x300.jpg 225w, https:\/\/www.kraft-punkt.ch\/wp-content\/uploads\/2026\/02\/IMG_2305-676x901.jpg 676w, https:\/\/www.kraft-punkt.ch\/wp-content\/uploads\/2026\/02\/IMG_2305.jpg 960w\" sizes=\"(max-width: 768px) 100vw, 768px\" \/><\/figure>\n\n\n\n<figure class=\"wp-block-image size-large\"><img decoding=\"async\" width=\"1024\" height=\"683\" data-id=\"245\" src=\"https:\/\/www.kraft-punkt.ch\/wp-content\/uploads\/2019\/08\/IMG_3270-1024x683.jpg\" alt=\"\" class=\"wp-image-245\" srcset=\"https:\/\/www.kraft-punkt.ch\/wp-content\/uploads\/2019\/08\/IMG_3270-1024x683.jpg 1024w, https:\/\/www.kraft-punkt.ch\/wp-content\/uploads\/2019\/08\/IMG_3270-300x200.jpg 300w, https:\/\/www.kraft-punkt.ch\/wp-content\/uploads\/2019\/08\/IMG_3270-768x512.jpg 768w, https:\/\/www.kraft-punkt.ch\/wp-content\/uploads\/2019\/08\/IMG_3270-676x451.jpg 676w\" sizes=\"(max-width: 1024px) 100vw, 1024px\" \/><\/figure>\n\n\n\n<figure class=\"wp-block-image size-large\"><img decoding=\"async\" width=\"1024\" height=\"683\" data-id=\"241\" src=\"https:\/\/www.kraft-punkt.ch\/wp-content\/uploads\/2019\/08\/IMG_3303-1024x683.jpg\" alt=\"\" class=\"wp-image-241\" srcset=\"https:\/\/www.kraft-punkt.ch\/wp-content\/uploads\/2019\/08\/IMG_3303-1024x683.jpg 1024w, https:\/\/www.kraft-punkt.ch\/wp-content\/uploads\/2019\/08\/IMG_3303-300x200.jpg 300w, https:\/\/www.kraft-punkt.ch\/wp-content\/uploads\/2019\/08\/IMG_3303-768x512.jpg 768w, https:\/\/www.kraft-punkt.ch\/wp-content\/uploads\/2019\/08\/IMG_3303-676x451.jpg 676w\" sizes=\"(max-width: 1024px) 100vw, 1024px\" \/><\/figure>\n\n\n\n<figure class=\"wp-block-image size-large\"><img loading=\"lazy\" decoding=\"async\" width=\"1024\" height=\"683\" data-id=\"240\" src=\"https:\/\/www.kraft-punkt.ch\/wp-content\/uploads\/2019\/08\/IMG_3323-1024x683.jpg\" alt=\"\" class=\"wp-image-240\" srcset=\"https:\/\/www.kraft-punkt.ch\/wp-content\/uploads\/2019\/08\/IMG_3323-1024x683.jpg 1024w, https:\/\/www.kraft-punkt.ch\/wp-content\/uploads\/2019\/08\/IMG_3323-300x200.jpg 300w, https:\/\/www.kraft-punkt.ch\/wp-content\/uploads\/2019\/08\/IMG_3323-768x512.jpg 768w, https:\/\/www.kraft-punkt.ch\/wp-content\/uploads\/2019\/08\/IMG_3323-676x451.jpg 676w\" sizes=\"(max-width: 1024px) 100vw, 1024px\" \/><\/figure>\n\n\n\n<figure class=\"wp-block-image size-large\"><img loading=\"lazy\" decoding=\"async\" width=\"1024\" height=\"683\" data-id=\"244\" src=\"https:\/\/www.kraft-punkt.ch\/wp-content\/uploads\/2019\/08\/IMG_3283-1024x683.jpg\" alt=\"\" class=\"wp-image-244\" srcset=\"https:\/\/www.kraft-punkt.ch\/wp-content\/uploads\/2019\/08\/IMG_3283-1024x683.jpg 1024w, https:\/\/www.kraft-punkt.ch\/wp-content\/uploads\/2019\/08\/IMG_3283-300x200.jpg 300w, https:\/\/www.kraft-punkt.ch\/wp-content\/uploads\/2019\/08\/IMG_3283-768x512.jpg 768w, https:\/\/www.kraft-punkt.ch\/wp-content\/uploads\/2019\/08\/IMG_3283-676x451.jpg 676w\" sizes=\"(max-width: 1024px) 100vw, 1024px\" \/><\/figure>\n<\/figure>\n\n\n\n<p>Meine Arbeit basiert auf den diagnostischen und therapeutischen Prinzipien der Traditionellen Chinesischen Medizin (TCM). Ziel ist es, funktionelle Zusammenh\u00e4nge zu erkennen und nicht nur einzelne Symptome zu behandeln. Jede Behandlung wird individuell auf dein aktuelles Befinden, deine Konstitution und Lebensumst\u00e4nde abgestimmt.<\/p>\n\n\n\n<p><strong>Akupunktur \u2013 Den Energiefluss regulieren<\/strong><br>Durch das Setzen feiner Nadeln an definierten Punkten entlang der Meridiane werden spezifische Reize gesetzt, die regulierend auf das energetische System wirken. Akupunktur f\u00f6rdert die Zirkulation des Qi (Lebensenergie), l\u00f6st Stagnationen und unterst\u00fctzt die Harmonisierung gest\u00f6rter Funktionskreise.<\/p>\n\n\n\n<p><strong>Tuina-Therapie \u2013 regulierende Ber\u00fchrung<\/strong><br>Tuina ist eine differenzierte manuelle Therapieform . Mit gezielten Grifftechniken wie Schieben, Dr\u00fccken und Mobilisieren entlang der Leitbahnen werden muskul\u00e4re Spannungen gel\u00f6st, die Durchblutung gef\u00f6rdert und energetische Blockaden reguliert. Die Behandlung wirkt sowohl lokal als auch systemisch.<\/p>\n\n\n\n<p><strong>Chinesische Arzneimitteltherapie \u2013 Die Apotheke der Natur<\/strong><br>Pflanzen, Wurzeln und Mineralien sind konzentrierte Naturkraft. Individuell f\u00fcr dich zusammengestellte Rezepturen unterst\u00fctzen dein System von innen heraus. Sie helfen dabei, Mangelzust\u00e4nde auszugleichen, \u00fcbersch\u00fcssige Hitze zu kl\u00e4ren oder K\u00e4lte zu vertreiben \u2013 immer mit dem Ziel, deine innere Ordnung wiederherzustellen.<\/p>\n\n\n\n<p><strong>Ern\u00e4hrungsberatung &nbsp;\u2013 Energie aus der eigenen Mitte<\/strong><br>Deine t\u00e4gliche Nahrung ist die Basis f\u00fcr deine Vitalit\u00e4t. Gemeinsam schauen wir, welche Lebensmittel deine thermische Balance unterst\u00fctzen und wie du durch einfache Anpassungen in deinem Alltag deine Mitte st\u00e4rken kannst. So wird Essen zu einer t\u00e4glichen Unterst\u00fctzung.<\/p>\n\n\n\n<p><strong>Moxa &amp; Schr\u00f6pfen \u2013 Erg\u00e4nzende Verfahren<\/strong><br>Die Moxibustion nutzt gezielte W\u00e4rmereize zur Aktivierung und St\u00e4rkung geschw\u00e4chter Bereiche sowie zur Ausleitung von K\u00e4lte. Schr\u00f6pfen f\u00f6rdert die lokale Durchblutung, regt Stoffwechselprozesse an und unterst\u00fctzt den Abbau von Stagnationen. Beide Verfahren werden indikationsbezogen als erg\u00e4nzende Therapieformen eingesetzt.<\/p>\n","protected":false},"excerpt":{"rendered":"<p>Meine Arbeit basiert auf den diagnostischen und therapeutischen Prinzipien der Traditionellen Chinesischen Medizin (TCM). Ziel ist es, funktionelle Zusammenh\u00e4nge zu erkennen und nicht nur einzelne Symptome zu behandeln. Jede Behandlung wird individuell auf dein aktuelles Befinden, deine Konstitution und Lebensumst\u00e4nde abgestimmt. Akupunktur \u2013 Den Energiefluss regulierenDurch das Setzen feiner Nadeln an definierten Punkten entlang der [&hellip;]<\/p>\n","protected":false},"author":1,"featured_media":0,"parent":0,"menu_order":0,"comment_status":"closed","ping_status":"closed","template":"","meta":{"footnotes":""},"class_list":["post-541","page","type-page","status-publish","hentry","post-preview"],"_links":{"self":[{"href":"https:\/\/www.kraft-punkt.ch\/index.php?rest_route=\/wp\/v2\/pages\/541","targetHints":{"allow":["GET"]}}],"collection":[{"href":"https:\/\/www.kraft-punkt.ch\/index.php?rest_route=\/wp\/v2\/pages"}],"about":[{"href":"https:\/\/www.kraft-punkt.ch\/index.php?rest_route=\/wp\/v2\/types\/page"}],"author":[{"embeddable":true,"href":"https:\/\/www.kraft-punkt.ch\/index.php?rest_route=\/wp\/v2\/users\/1"}],"replies":[{"embeddable":true,"href":"https:\/\/www.kraft-punkt.ch\/index.php?rest_route=%2Fwp%2Fv2%2Fcomments&post=541"}],"version-history":[{"count":12,"href":"https:\/\/www.kraft-punkt.ch\/index.php?rest_route=\/wp\/v2\/pages\/541\/revisions"}],"predecessor-version":[{"id":613,"href":"https:\/\/www.kraft-punkt.ch\/index.php?rest_route=\/wp\/v2\/pages\/541\/revisions\/613"}],"wp:attachment":[{"href":"https:\/\/www.kraft-punkt.ch\/index.php?rest_route=%2Fwp%2Fv2%2Fmedia&parent=541"}],"curies":[{"name":"wp","href":"https:\/\/api.w.org\/{rel}","templated":true}]}}