{"id":527,"date":"2026-02-27T14:43:35","date_gmt":"2026-02-27T14:43:35","guid":{"rendered":"https:\/\/www.kraft-punkt.ch\/?page_id=527"},"modified":"2026-02-28T10:44:27","modified_gmt":"2026-02-28T10:44:27","slug":"philosophie","status":"publish","type":"page","link":"https:\/\/www.kraft-punkt.ch\/","title":{"rendered":"Leitgedanke"},"content":{"rendered":"\n<figure class=\"wp-block-image size-full is-resized\"><img decoding=\"async\" src=\"https:\/\/www.kraft-punkt.ch\/wp-content\/uploads\/2026\/02\/IMG_2302.heic\" alt=\"\" class=\"wp-image-548\" style=\"width:292px;height:auto\"\/><\/figure>\n\n\n\n<p>Heilung entsteht, wenn die nat\u00fcrlichen Regulationsmechanismen des K\u00f6rpers wieder ausreichend Raum erhalten. Grundlage meiner therapeutischen Arbeit ist das Verst\u00e4ndnis des Dao \u2013 des nat\u00fcrlichen Wandels und der dynamischen Ordnung aller Prozesse. <\/p>\n\n\n\n<p><strong>Der K\u00f6rper als regulatives System<\/strong><br>Der menschliche Organismus ist ein komplexes, selbstregulierendes System. Er verf\u00fcgt \u00fcber differenzierte Steuerungs- und Anpassungsmechanismen, die im st\u00e4ndigen Austausch mit inneren und \u00e4usseren Einfl\u00fcssen stehen. K\u00f6rperliche, emotionale und energetische Ebenen sind dabei untrennbar miteinander verbunden.<\/p>\n\n\n\n<p><strong>Symptome als Regulationshinweise<\/strong><br>Beschwerden wie Schmerz, Ersch\u00f6pfung oder funktionelle St\u00f6rungen werden nicht isoliert betrachtet, sondern als Hinweise auf ein Ungleichgewicht im Gesamtsystem verstanden. Symptome zeigen an, dass Regulationsprozesse beeintr\u00e4chtigt sind oder die Lebensenergie (Qi) nicht frei zirkuliert.<br><br>Symptome laden dich ein, innezuhalten.<\/p>\n\n\n\n<p><strong>Ziel der Behandlungen<\/strong><br>Im therapeutischen Prozess wird ein Rahmen geschaffen, in dem Regeneration und Selbstregulation gef\u00f6rdert werden. Durch das L\u00f6sen von Blockaden und das St\u00e4rken geschw\u00e4chter Bereiche wird der Organismus dabei unterst\u00fctzt, sein nat\u00fcrliches Gleichgewicht wiederzufinden.<\/p>\n\n\n\n<p>Ziel ist es, den freien Fluss des Qi zu f\u00f6rdern und die innere Ordnung nachhaltig zu stabilisieren.<\/p>\n","protected":false},"excerpt":{"rendered":"<p>Heilung entsteht, wenn die nat\u00fcrlichen Regulationsmechanismen des K\u00f6rpers wieder ausreichend Raum erhalten. Grundlage meiner therapeutischen Arbeit ist das Verst\u00e4ndnis des Dao \u2013 des nat\u00fcrlichen Wandels und der dynamischen Ordnung aller Prozesse. Der K\u00f6rper als regulatives SystemDer menschliche Organismus ist ein komplexes, selbstregulierendes System. Er verf\u00fcgt \u00fcber differenzierte Steuerungs- und Anpassungsmechanismen, die im st\u00e4ndigen Austausch mit [&hellip;]<\/p>\n","protected":false},"author":1,"featured_media":0,"parent":0,"menu_order":0,"comment_status":"closed","ping_status":"closed","template":"","meta":{"footnotes":""},"class_list":["post-527","page","type-page","status-publish","hentry","post-preview"],"_links":{"self":[{"href":"https:\/\/www.kraft-punkt.ch\/index.php?rest_route=\/wp\/v2\/pages\/527","targetHints":{"allow":["GET"]}}],"collection":[{"href":"https:\/\/www.kraft-punkt.ch\/index.php?rest_route=\/wp\/v2\/pages"}],"about":[{"href":"https:\/\/www.kraft-punkt.ch\/index.php?rest_route=\/wp\/v2\/types\/page"}],"author":[{"embeddable":true,"href":"https:\/\/www.kraft-punkt.ch\/index.php?rest_route=\/wp\/v2\/users\/1"}],"replies":[{"embeddable":true,"href":"https:\/\/www.kraft-punkt.ch\/index.php?rest_route=%2Fwp%2Fv2%2Fcomments&post=527"}],"version-history":[{"count":11,"href":"https:\/\/www.kraft-punkt.ch\/index.php?rest_route=\/wp\/v2\/pages\/527\/revisions"}],"predecessor-version":[{"id":612,"href":"https:\/\/www.kraft-punkt.ch\/index.php?rest_route=\/wp\/v2\/pages\/527\/revisions\/612"}],"wp:attachment":[{"href":"https:\/\/www.kraft-punkt.ch\/index.php?rest_route=%2Fwp%2Fv2%2Fmedia&parent=527"}],"curies":[{"name":"wp","href":"https:\/\/api.w.org\/{rel}","templated":true}]}}